{"id":476,"date":"2012-10-22T12:16:48","date_gmt":"2012-10-22T12:16:48","guid":{"rendered":"http:\/\/template-demos.com\/wp\/WP01\/WP010005\/?page_id=10"},"modified":"2025-09-04T10:25:38","modified_gmt":"2025-09-04T16:25:38","slug":"contactanos","status":"publish","type":"page","link":"https:\/\/acsasoluciones.com\/tienda\/contactanos\/","title":{"rendered":"Cont\u00e1ctanos"},"content":{"rendered":"<p><div class=\"shortcode-title left \"><h1 class=\"normal-title\">Formulario de contacto<\/h1><h3 class=\"sub-title\">Mantente en contacto y recibe ofertas y promociones<\/h3><\/div>[vc_row_inner el_class=\u00bbcontent-main-other\u00bb][vc_column_inner el_class=\u00bbcontact-page-block\u00bb width=\u00bb1\/2&#8243; css=\u00bb.vc_custom_1550576666498{padding-top: 20px !important;padding-bottom: 20px !important;}\u00bb]\n<div class=\"wpcf7 no-js\" id=\"wpcf7-f9709-o1\" lang=\"en-US\" dir=\"ltr\" data-wpcf7-id=\"9709\">\n<div class=\"screen-reader-response\"><p role=\"status\" aria-live=\"polite\" aria-atomic=\"true\"><\/p> <ul><\/ul><\/div>\n<form action=\"\/tienda\/wp-json\/wp\/v2\/pages\/476#wpcf7-f9709-o1\" method=\"post\" class=\"wpcf7-form init\" aria-label=\"Contact form\" novalidate=\"novalidate\" data-status=\"init\">\n<fieldset class=\"hidden-fields-container\"><input type=\"hidden\" name=\"_wpcf7\" value=\"9709\" \/><input type=\"hidden\" name=\"_wpcf7_version\" value=\"6.1.1\" \/><input type=\"hidden\" name=\"_wpcf7_locale\" value=\"en_US\" \/><input type=\"hidden\" name=\"_wpcf7_unit_tag\" value=\"wpcf7-f9709-o1\" \/><input type=\"hidden\" name=\"_wpcf7_container_post\" value=\"0\" \/><input type=\"hidden\" name=\"_wpcf7_posted_data_hash\" value=\"\" \/>\n<\/fieldset>\n<p><label> Nombre (*)<br \/>\n<span class=\"wpcf7-form-control-wrap\" data-name=\"your-name\"><input size=\"40\" maxlength=\"400\" class=\"wpcf7-form-control wpcf7-text wpcf7-validates-as-required\" aria-required=\"true\" aria-invalid=\"false\" value=\"\" type=\"text\" name=\"your-name\" \/><\/span> <\/label>\n<\/p>\n<p><label> Email (*)<br \/>\n<span class=\"wpcf7-form-control-wrap\" data-name=\"your-email\"><input size=\"40\" maxlength=\"400\" class=\"wpcf7-form-control wpcf7-email wpcf7-validates-as-required wpcf7-text wpcf7-validates-as-email\" aria-required=\"true\" aria-invalid=\"false\" value=\"\" type=\"email\" name=\"your-email\" \/><\/span> <\/label>\n<\/p>\n<p><label> Tema<br \/>\n<span class=\"wpcf7-form-control-wrap\" data-name=\"your-subject\"><input size=\"40\" maxlength=\"400\" class=\"wpcf7-form-control wpcf7-text\" aria-invalid=\"false\" value=\"\" type=\"text\" name=\"your-subject\" \/><\/span> <\/label>\n<\/p>\n<p><label> Mensaje<br \/>\n<span class=\"wpcf7-form-control-wrap\" data-name=\"your-message\"><textarea cols=\"40\" rows=\"10\" maxlength=\"2000\" class=\"wpcf7-form-control wpcf7-textarea\" aria-invalid=\"false\" name=\"your-message\"><\/textarea><\/span> <\/label>\n<\/p>\n<p><input class=\"wpcf7-form-control wpcf7-submit has-spinner\" type=\"submit\" value=\"Enviar\" \/>\n<\/p><p style=\"display: none !important;\" class=\"akismet-fields-container\" data-prefix=\"_wpcf7_ak_\"><label>&#916;<textarea name=\"_wpcf7_ak_hp_textarea\" cols=\"45\" rows=\"8\" maxlength=\"100\"><\/textarea><\/label><input type=\"hidden\" id=\"ak_js_1\" name=\"_wpcf7_ak_js\" value=\"73\"\/><script>document.getElementById( \"ak_js_1\" ).setAttribute( \"value\", ( new Date() ).getTime() );<\/script><\/p><div class=\"wpcf7-response-output\" aria-hidden=\"true\"><\/div>\n<\/form>\n<\/div>\n[\/vc_column_inner][vc_column_inner width=\u00bb1\/2&#8243; css=\u00bb.vc_custom_1550576771767{padding-top: 30px !important;padding-left: 30px !important;}\u00bb]<div class=\"address-container hb-animate-element right-to-left\"><div class=\"address-text first\"><div class=\"address-text-inner\"><div class=\"icon\"><i class=\"fa fa-map-marker\"><\/i><\/div> <div class=\"content\"><div class=\"address-label\">Direcci\u00f3n:<\/div>Cerros de Durango #36, Naucalpan de Ju\u00e1rez Estado de M\u00e9xico CP: 53218<\/div> <\/div><\/div><div class=\"address-text second\"><div class=\"address-text-inner\"><div class=\"icon\"><i class=\"fa fa-phone\"><\/i><\/div> <div class=\"content\"><div class=\"address-label\">Tel\u00e9fono:<\/div>55 4368 8736<\/div> <\/div><\/div><div class=\"address-text third\"><div class=\"address-text-inner\"><div class=\"icon\"><i class=\"fa fa-envelope \"><\/i><\/div> <div class=\"content\"><div class=\"address-label\">Email:<\/div><a href=\"mailto:gerardo.sanchez@acsasoluciones.com\">gerardo.sanchez@acsasoluciones.com<\/a><p>Lunes \u2013 Viernes 9 AM \u2013 6 PM<\/p><\/div><\/div><\/div><\/div>[\/vc_column_inner][\/vc_row_inner][\/vc_column][\/vc_row]<\/p>\n","protected":false},"excerpt":{"rendered":"<p>[vc_row_inner el_class=\u00bbcontent-main-other\u00bb][vc_column_inner el_class=\u00bbcontact-page-block\u00bb width=\u00bb1\/2&#8243; css=\u00bb.vc_custom_1550576666498{padding-top: 20px !important;padding-bottom: 20px !important;}\u00bb][\/vc_column_inner][vc_column_inner width=\u00bb1\/2&#8243; css=\u00bb.vc_custom_1550576771767{padding-top: 30px !important;padding-left: 30px !important;}\u00bb][\/vc_column_inner][\/vc_row_inner][\/vc_column][\/vc_row]<\/p>\n","protected":false},"author":1,"featured_media":0,"parent":0,"menu_order":0,"comment_status":"closed","ping_status":"closed","template":"","meta":{"_bst_post_transparent":"","_bst_post_title":"","_bst_post_layout":"","_bst_post_sidebar_id":"","_bst_post_content_style":"","_bst_post_vertical_padding":"","_bst_post_feature":"","_bst_post_feature_position":"","_bst_post_header":false,"_bst_post_footer":false,"footnotes":""},"class_list":["post-476","page","type-page","status-publish","hentry"],"yoast_head":"<!-- This site is optimized with the Yoast SEO plugin v25.7 - https:\/\/yoast.com\/wordpress\/plugins\/seo\/ -->\n<title>Cont\u00e1ctanos - ACSA - Automatizaci\u00f3n, Control y Soluciones en Accesos<\/title>\n<meta name=\"description\" content=\"Puertas Autom\u00e1ticas\" \/>\n<meta name=\"robots\" content=\"index, follow, max-snippet:-1, max-image-preview:large, max-video-preview:-1\" \/>\n<link rel=\"canonical\" href=\"https:\/\/acsasoluciones.com\/tienda\/contactanos\/\" \/>\n<meta property=\"og:locale\" content=\"es_ES\" \/>\n<meta property=\"og:type\" content=\"article\" \/>\n<meta property=\"og:title\" content=\"Cont\u00e1ctanos - ACSA - Automatizaci\u00f3n, Control y Soluciones en Accesos\" \/>\n<meta property=\"og:description\" content=\"Puertas Autom\u00e1ticas\" \/>\n<meta property=\"og:url\" content=\"https:\/\/acsasoluciones.com\/tienda\/contactanos\/\" \/>\n<meta property=\"og:site_name\" content=\"ACSA - Automatizaci\u00f3n, Control y Soluciones en Accesos\" \/>\n<meta property=\"article:publisher\" content=\"https:\/\/www.facebook.com\/ACSA-367766733249110\" \/>\n<meta property=\"article:modified_time\" content=\"2025-09-04T16:25:38+00:00\" \/>\n<meta name=\"twitter:card\" content=\"summary_large_image\" \/>\n<meta name=\"twitter:label1\" content=\"Tiempo de lectura\" \/>\n\t<meta name=\"twitter:data1\" content=\"1 minuto\" \/>\n<script type=\"application\/ld+json\" class=\"yoast-schema-graph\">{\"@context\":\"https:\/\/schema.org\",\"@graph\":[{\"@type\":\"WebPage\",\"@id\":\"https:\/\/acsasoluciones.com\/tienda\/contactanos\/\",\"url\":\"https:\/\/acsasoluciones.com\/tienda\/contactanos\/\",\"name\":\"Cont\u00e1ctanos - ACSA - Automatizaci\u00f3n, Control y Soluciones en Accesos\",\"isPartOf\":{\"@id\":\"https:\/\/acsasoluciones.com\/tienda\/#website\"},\"datePublished\":\"2012-10-22T12:16:48+00:00\",\"dateModified\":\"2025-09-04T16:25:38+00:00\",\"description\":\"Puertas Autom\u00e1ticas\",\"breadcrumb\":{\"@id\":\"https:\/\/acsasoluciones.com\/tienda\/contactanos\/#breadcrumb\"},\"inLanguage\":\"es\",\"potentialAction\":[{\"@type\":\"ReadAction\",\"target\":[\"https:\/\/acsasoluciones.com\/tienda\/contactanos\/\"]}]},{\"@type\":\"BreadcrumbList\",\"@id\":\"https:\/\/acsasoluciones.com\/tienda\/contactanos\/#breadcrumb\",\"itemListElement\":[{\"@type\":\"ListItem\",\"position\":1,\"name\":\"Home\",\"item\":\"https:\/\/acsasoluciones.com\/tienda\/\"},{\"@type\":\"ListItem\",\"position\":2,\"name\":\"Cont\u00e1ctanos\"}]},{\"@type\":\"WebSite\",\"@id\":\"https:\/\/acsasoluciones.com\/tienda\/#website\",\"url\":\"https:\/\/acsasoluciones.com\/tienda\/\",\"name\":\"ACSA - Automatizaci\u00f3n, Control y Soluciones en Accesos\",\"description\":\"Soluciones en Acceso\",\"publisher\":{\"@id\":\"https:\/\/acsasoluciones.com\/tienda\/#organization\"},\"potentialAction\":[{\"@type\":\"SearchAction\",\"target\":{\"@type\":\"EntryPoint\",\"urlTemplate\":\"https:\/\/acsasoluciones.com\/tienda\/?s={search_term_string}\"},\"query-input\":{\"@type\":\"PropertyValueSpecification\",\"valueRequired\":true,\"valueName\":\"search_term_string\"}}],\"inLanguage\":\"es\"},{\"@type\":\"Organization\",\"@id\":\"https:\/\/acsasoluciones.com\/tienda\/#organization\",\"name\":\"ACSA Integraciones S.A. de C.V.\",\"url\":\"https:\/\/acsasoluciones.com\/tienda\/\",\"logo\":{\"@type\":\"ImageObject\",\"inLanguage\":\"es\",\"@id\":\"https:\/\/acsasoluciones.com\/tienda\/#\/schema\/logo\/image\/\",\"url\":\"https:\/\/acsasoluciones.com\/tienda\/wp-content\/uploads\/2020\/07\/acsa01.png\",\"contentUrl\":\"https:\/\/acsasoluciones.com\/tienda\/wp-content\/uploads\/2020\/07\/acsa01.png\",\"width\":600,\"height\":600,\"caption\":\"ACSA Integraciones S.A. de C.V.\"},\"image\":{\"@id\":\"https:\/\/acsasoluciones.com\/tienda\/#\/schema\/logo\/image\/\"},\"sameAs\":[\"https:\/\/www.facebook.com\/ACSA-367766733249110\",\"https:\/\/www.instagram.com\/acsa_soluciones\/\",\"https:\/\/www.linkedin.com\/in\/acsa-integraciones-sa-de-cv-8b42621b1\/\"]}]}<\/script>\n<!-- \/ Yoast SEO plugin. -->","yoast_head_json":{"title":"Cont\u00e1ctanos - ACSA - Automatizaci\u00f3n, Control y Soluciones en Accesos","description":"Puertas Autom\u00e1ticas","robots":{"index":"index","follow":"follow","max-snippet":"max-snippet:-1","max-image-preview":"max-image-preview:large","max-video-preview":"max-video-preview:-1"},"canonical":"https:\/\/acsasoluciones.com\/tienda\/contactanos\/","og_locale":"es_ES","og_type":"article","og_title":"Cont\u00e1ctanos - ACSA - Automatizaci\u00f3n, Control y Soluciones en Accesos","og_description":"Puertas Autom\u00e1ticas","og_url":"https:\/\/acsasoluciones.com\/tienda\/contactanos\/","og_site_name":"ACSA - Automatizaci\u00f3n, Control y Soluciones en Accesos","article_publisher":"https:\/\/www.facebook.com\/ACSA-367766733249110","article_modified_time":"2025-09-04T16:25:38+00:00","twitter_card":"summary_large_image","twitter_misc":{"Tiempo de lectura":"1 minuto"},"schema":{"@context":"https:\/\/schema.org","@graph":[{"@type":"WebPage","@id":"https:\/\/acsasoluciones.com\/tienda\/contactanos\/","url":"https:\/\/acsasoluciones.com\/tienda\/contactanos\/","name":"Cont\u00e1ctanos - ACSA - Automatizaci\u00f3n, Control y Soluciones en Accesos","isPartOf":{"@id":"https:\/\/acsasoluciones.com\/tienda\/#website"},"datePublished":"2012-10-22T12:16:48+00:00","dateModified":"2025-09-04T16:25:38+00:00","description":"Puertas Autom\u00e1ticas","breadcrumb":{"@id":"https:\/\/acsasoluciones.com\/tienda\/contactanos\/#breadcrumb"},"inLanguage":"es","potentialAction":[{"@type":"ReadAction","target":["https:\/\/acsasoluciones.com\/tienda\/contactanos\/"]}]},{"@type":"BreadcrumbList","@id":"https:\/\/acsasoluciones.com\/tienda\/contactanos\/#breadcrumb","itemListElement":[{"@type":"ListItem","position":1,"name":"Home","item":"https:\/\/acsasoluciones.com\/tienda\/"},{"@type":"ListItem","position":2,"name":"Cont\u00e1ctanos"}]},{"@type":"WebSite","@id":"https:\/\/acsasoluciones.com\/tienda\/#website","url":"https:\/\/acsasoluciones.com\/tienda\/","name":"ACSA - Automatizaci\u00f3n, Control y Soluciones en Accesos","description":"Soluciones en Acceso","publisher":{"@id":"https:\/\/acsasoluciones.com\/tienda\/#organization"},"potentialAction":[{"@type":"SearchAction","target":{"@type":"EntryPoint","urlTemplate":"https:\/\/acsasoluciones.com\/tienda\/?s={search_term_string}"},"query-input":{"@type":"PropertyValueSpecification","valueRequired":true,"valueName":"search_term_string"}}],"inLanguage":"es"},{"@type":"Organization","@id":"https:\/\/acsasoluciones.com\/tienda\/#organization","name":"ACSA Integraciones S.A. de C.V.","url":"https:\/\/acsasoluciones.com\/tienda\/","logo":{"@type":"ImageObject","inLanguage":"es","@id":"https:\/\/acsasoluciones.com\/tienda\/#\/schema\/logo\/image\/","url":"https:\/\/acsasoluciones.com\/tienda\/wp-content\/uploads\/2020\/07\/acsa01.png","contentUrl":"https:\/\/acsasoluciones.com\/tienda\/wp-content\/uploads\/2020\/07\/acsa01.png","width":600,"height":600,"caption":"ACSA Integraciones S.A. de C.V."},"image":{"@id":"https:\/\/acsasoluciones.com\/tienda\/#\/schema\/logo\/image\/"},"sameAs":["https:\/\/www.facebook.com\/ACSA-367766733249110","https:\/\/www.instagram.com\/acsa_soluciones\/","https:\/\/www.linkedin.com\/in\/acsa-integraciones-sa-de-cv-8b42621b1\/"]}]}},"_links":{"self":[{"href":"https:\/\/acsasoluciones.com\/tienda\/wp-json\/wp\/v2\/pages\/476","targetHints":{"allow":["GET"]}}],"collection":[{"href":"https:\/\/acsasoluciones.com\/tienda\/wp-json\/wp\/v2\/pages"}],"about":[{"href":"https:\/\/acsasoluciones.com\/tienda\/wp-json\/wp\/v2\/types\/page"}],"author":[{"embeddable":true,"href":"https:\/\/acsasoluciones.com\/tienda\/wp-json\/wp\/v2\/users\/1"}],"replies":[{"embeddable":true,"href":"https:\/\/acsasoluciones.com\/tienda\/wp-json\/wp\/v2\/comments?post=476"}],"version-history":[{"count":7,"href":"https:\/\/acsasoluciones.com\/tienda\/wp-json\/wp\/v2\/pages\/476\/revisions"}],"predecessor-version":[{"id":10062,"href":"https:\/\/acsasoluciones.com\/tienda\/wp-json\/wp\/v2\/pages\/476\/revisions\/10062"}],"wp:attachment":[{"href":"https:\/\/acsasoluciones.com\/tienda\/wp-json\/wp\/v2\/media?parent=476"}],"curies":[{"name":"wp","href":"https:\/\/api.w.org\/{rel}","templated":true}]}}