{"id":9873,"date":"2020-06-18T13:49:50","date_gmt":"2020-06-18T18:49:50","guid":{"rendered":"https:\/\/acsasoluciones.com\/tienda\/?post_type=product&#038;p=9873"},"modified":"2024-05-23T10:40:17","modified_gmt":"2024-05-23T15:40:17","slug":"kit-400-bl-para-2hojas-multifrec","status":"publish","type":"product","link":"https:\/\/acsasoluciones.com\/tienda\/product\/kit-400-bl-para-2hojas-multifrec\/","title":{"rendered":"KIT 400 BL PARA 2 HOJAS MULTIFREC."},"content":{"rendered":"<p><strong>PISTONES 400 BRAZO LARGO (BL) MARCA FAAC<\/strong><\/p>\n<p>El equipo Merik 400 by Faac automatiza con facilidad rejas y puertas muy pesadas, de uso continuo e industriales. Seguridad la fuerza del bloqueo hidr\u00e1ulico aporta al sistema una excepcional resistencia a las tentativas de intrusi\u00f3n. Lubricaci\u00f3n: El monobloque compacto se caracteriza en que todos sus componentes est\u00e1n ba\u00f1ados en aceite para una lubricaci\u00f3n y enfriamiento continuo.<\/p>\n<p>Sistema anti-aplastamiento: Dos v\u00e1lvulas sensibles by-pass caracterizan al dispositivo oleodin\u00e1mico, que ofrece m\u00e1xima seguridad contra aplastamientos. Emergencias: Las llaves personalizadas desbloquean el sistema de casos de emergencia o ausencia de energ\u00eda el\u00e9ctrica, logrando activar las rejas\/puertas manualmente. Ambientes: Este modelo brinda apto funcionamiento aun en climas extremos, sin importar las condiciones atmosf\u00e9ricas (-20\u00b0c+55\u00b0C).<\/p>\n","protected":false},"excerpt":{"rendered":"<p>CONTIENE: 2 PISTONES, TARJETA CONTROLADORA, 2 CONTROLES REMOTO, 2 LLAVES DE DESBLOQUEO.<\/p>\n<p>USO RECOMENDADO PRIVADAS Y\/O INDUSTRIA<\/p>\n","protected":false},"featured_media":9872,"template":"","meta":{"_bst_post_transparent":"","_bst_post_title":"","_bst_post_layout":"","_bst_post_sidebar_id":"","_bst_post_content_style":"","_bst_post_vertical_padding":"","_bst_post_feature":"","_bst_post_feature_position":"","_bst_post_header":false,"_bst_post_footer":false},"product_brand":[],"product_cat":[99],"product_tag":[92,97,100,96,95,93],"class_list":{"0":"post-9873","1":"product","2":"type-product","3":"status-publish","4":"has-post-thumbnail","6":"product_cat-faac","7":"product_tag-abrepuertas","8":"product_tag-condominio","9":"product_tag-faac","10":"product_tag-industrial","11":"product_tag-puertas-abatibles","12":"product_tag-puertas-automaticas","14":"first","15":"outofstock","16":"shipping-taxable","17":"purchasable","18":"product-type-simple","19":"entry","20":"content-bg","21":"loop-entry"},"yoast_head":"<!-- This site is optimized with the Yoast SEO plugin v25.7 - https:\/\/yoast.com\/wordpress\/plugins\/seo\/ -->\n<title>KIT 400 BL PARA 2 HOJAS MULTIFREC. - ACSA - Automatizaci\u00f3n, Control y Soluciones en Accesos<\/title>\n<meta name=\"description\" content=\"Automatizaci\u00f3n de puertas de garage e indutrial\" \/>\n<meta name=\"robots\" content=\"index, follow, max-snippet:-1, max-image-preview:large, max-video-preview:-1\" \/>\n<link rel=\"canonical\" href=\"https:\/\/acsasoluciones.com\/tienda\/product\/kit-400-bl-para-2hojas-multifrec\/\" \/>\n<meta property=\"og:locale\" content=\"es_ES\" \/>\n<meta property=\"og:type\" content=\"article\" \/>\n<meta property=\"og:title\" content=\"KIT 400 BL PARA 2 HOJAS MULTIFREC. - ACSA - Automatizaci\u00f3n, Control y Soluciones en Accesos\" \/>\n<meta property=\"og:description\" content=\"Automatizaci\u00f3n de puertas de garage e indutrial\" \/>\n<meta property=\"og:url\" content=\"https:\/\/acsasoluciones.com\/tienda\/product\/kit-400-bl-para-2hojas-multifrec\/\" \/>\n<meta property=\"og:site_name\" content=\"ACSA - Automatizaci\u00f3n, Control y Soluciones en Accesos\" \/>\n<meta property=\"article:publisher\" content=\"https:\/\/www.facebook.com\/ACSA-367766733249110\" \/>\n<meta property=\"article:modified_time\" content=\"2024-05-23T15:40:17+00:00\" \/>\n<meta property=\"og:image\" content=\"https:\/\/acsasoluciones.com\/tienda\/wp-content\/uploads\/2020\/06\/pro_28.png\" \/>\n\t<meta property=\"og:image:width\" content=\"600\" \/>\n\t<meta property=\"og:image:height\" content=\"600\" \/>\n\t<meta property=\"og:image:type\" content=\"image\/png\" \/>\n<meta name=\"twitter:card\" content=\"summary_large_image\" \/>\n<meta name=\"twitter:label1\" content=\"Tiempo de lectura\" \/>\n\t<meta name=\"twitter:data1\" content=\"1 minuto\" \/>\n<script type=\"application\/ld+json\" class=\"yoast-schema-graph\">{\"@context\":\"https:\/\/schema.org\",\"@graph\":[{\"@type\":\"WebPage\",\"@id\":\"https:\/\/acsasoluciones.com\/tienda\/product\/kit-400-bl-para-2hojas-multifrec\/\",\"url\":\"https:\/\/acsasoluciones.com\/tienda\/product\/kit-400-bl-para-2hojas-multifrec\/\",\"name\":\"KIT 400 BL PARA 2 HOJAS MULTIFREC. - ACSA - Automatizaci\u00f3n, Control y Soluciones en Accesos\",\"isPartOf\":{\"@id\":\"https:\/\/acsasoluciones.com\/tienda\/#website\"},\"primaryImageOfPage\":{\"@id\":\"https:\/\/acsasoluciones.com\/tienda\/product\/kit-400-bl-para-2hojas-multifrec\/#primaryimage\"},\"image\":{\"@id\":\"https:\/\/acsasoluciones.com\/tienda\/product\/kit-400-bl-para-2hojas-multifrec\/#primaryimage\"},\"thumbnailUrl\":\"https:\/\/acsasoluciones.com\/tienda\/wp-content\/uploads\/2020\/06\/pro_28.png\",\"datePublished\":\"2020-06-18T18:49:50+00:00\",\"dateModified\":\"2024-05-23T15:40:17+00:00\",\"description\":\"Automatizaci\u00f3n de puertas de garage e indutrial\",\"breadcrumb\":{\"@id\":\"https:\/\/acsasoluciones.com\/tienda\/product\/kit-400-bl-para-2hojas-multifrec\/#breadcrumb\"},\"inLanguage\":\"es\",\"potentialAction\":[{\"@type\":\"ReadAction\",\"target\":[\"https:\/\/acsasoluciones.com\/tienda\/product\/kit-400-bl-para-2hojas-multifrec\/\"]}]},{\"@type\":\"ImageObject\",\"inLanguage\":\"es\",\"@id\":\"https:\/\/acsasoluciones.com\/tienda\/product\/kit-400-bl-para-2hojas-multifrec\/#primaryimage\",\"url\":\"https:\/\/acsasoluciones.com\/tienda\/wp-content\/uploads\/2020\/06\/pro_28.png\",\"contentUrl\":\"https:\/\/acsasoluciones.com\/tienda\/wp-content\/uploads\/2020\/06\/pro_28.png\",\"width\":600,\"height\":600},{\"@type\":\"BreadcrumbList\",\"@id\":\"https:\/\/acsasoluciones.com\/tienda\/product\/kit-400-bl-para-2hojas-multifrec\/#breadcrumb\",\"itemListElement\":[{\"@type\":\"ListItem\",\"position\":1,\"name\":\"Home\",\"item\":\"https:\/\/acsasoluciones.com\/tienda\/\"},{\"@type\":\"ListItem\",\"position\":2,\"name\":\"Tienda\",\"item\":\"https:\/\/acsasoluciones.com\/tienda\/\"},{\"@type\":\"ListItem\",\"position\":3,\"name\":\"KIT 400 BL PARA 2 HOJAS MULTIFREC.\"}]},{\"@type\":\"WebSite\",\"@id\":\"https:\/\/acsasoluciones.com\/tienda\/#website\",\"url\":\"https:\/\/acsasoluciones.com\/tienda\/\",\"name\":\"ACSA - Automatizaci\u00f3n, Control y Soluciones en Accesos\",\"description\":\"Soluciones en Acceso\",\"publisher\":{\"@id\":\"https:\/\/acsasoluciones.com\/tienda\/#organization\"},\"potentialAction\":[{\"@type\":\"SearchAction\",\"target\":{\"@type\":\"EntryPoint\",\"urlTemplate\":\"https:\/\/acsasoluciones.com\/tienda\/?s={search_term_string}\"},\"query-input\":{\"@type\":\"PropertyValueSpecification\",\"valueRequired\":true,\"valueName\":\"search_term_string\"}}],\"inLanguage\":\"es\"},{\"@type\":\"Organization\",\"@id\":\"https:\/\/acsasoluciones.com\/tienda\/#organization\",\"name\":\"ACSA Integraciones S.A. de C.V.\",\"url\":\"https:\/\/acsasoluciones.com\/tienda\/\",\"logo\":{\"@type\":\"ImageObject\",\"inLanguage\":\"es\",\"@id\":\"https:\/\/acsasoluciones.com\/tienda\/#\/schema\/logo\/image\/\",\"url\":\"https:\/\/acsasoluciones.com\/tienda\/wp-content\/uploads\/2020\/07\/acsa01.png\",\"contentUrl\":\"https:\/\/acsasoluciones.com\/tienda\/wp-content\/uploads\/2020\/07\/acsa01.png\",\"width\":600,\"height\":600,\"caption\":\"ACSA Integraciones S.A. de C.V.\"},\"image\":{\"@id\":\"https:\/\/acsasoluciones.com\/tienda\/#\/schema\/logo\/image\/\"},\"sameAs\":[\"https:\/\/www.facebook.com\/ACSA-367766733249110\",\"https:\/\/www.instagram.com\/acsa_soluciones\/\",\"https:\/\/www.linkedin.com\/in\/acsa-integraciones-sa-de-cv-8b42621b1\/\"]}]}<\/script>\n<!-- \/ Yoast SEO plugin. -->","yoast_head_json":{"title":"KIT 400 BL PARA 2 HOJAS MULTIFREC. - ACSA - Automatizaci\u00f3n, Control y Soluciones en Accesos","description":"Automatizaci\u00f3n de puertas de garage e indutrial","robots":{"index":"index","follow":"follow","max-snippet":"max-snippet:-1","max-image-preview":"max-image-preview:large","max-video-preview":"max-video-preview:-1"},"canonical":"https:\/\/acsasoluciones.com\/tienda\/product\/kit-400-bl-para-2hojas-multifrec\/","og_locale":"es_ES","og_type":"article","og_title":"KIT 400 BL PARA 2 HOJAS MULTIFREC. - ACSA - Automatizaci\u00f3n, Control y Soluciones en Accesos","og_description":"Automatizaci\u00f3n de puertas de garage e indutrial","og_url":"https:\/\/acsasoluciones.com\/tienda\/product\/kit-400-bl-para-2hojas-multifrec\/","og_site_name":"ACSA - Automatizaci\u00f3n, Control y Soluciones en Accesos","article_publisher":"https:\/\/www.facebook.com\/ACSA-367766733249110","article_modified_time":"2024-05-23T15:40:17+00:00","og_image":[{"width":600,"height":600,"url":"https:\/\/acsasoluciones.com\/tienda\/wp-content\/uploads\/2020\/06\/pro_28.png","type":"image\/png"}],"twitter_card":"summary_large_image","twitter_misc":{"Tiempo de lectura":"1 minuto"},"schema":{"@context":"https:\/\/schema.org","@graph":[{"@type":"WebPage","@id":"https:\/\/acsasoluciones.com\/tienda\/product\/kit-400-bl-para-2hojas-multifrec\/","url":"https:\/\/acsasoluciones.com\/tienda\/product\/kit-400-bl-para-2hojas-multifrec\/","name":"KIT 400 BL PARA 2 HOJAS MULTIFREC. - ACSA - Automatizaci\u00f3n, Control y Soluciones en Accesos","isPartOf":{"@id":"https:\/\/acsasoluciones.com\/tienda\/#website"},"primaryImageOfPage":{"@id":"https:\/\/acsasoluciones.com\/tienda\/product\/kit-400-bl-para-2hojas-multifrec\/#primaryimage"},"image":{"@id":"https:\/\/acsasoluciones.com\/tienda\/product\/kit-400-bl-para-2hojas-multifrec\/#primaryimage"},"thumbnailUrl":"https:\/\/acsasoluciones.com\/tienda\/wp-content\/uploads\/2020\/06\/pro_28.png","datePublished":"2020-06-18T18:49:50+00:00","dateModified":"2024-05-23T15:40:17+00:00","description":"Automatizaci\u00f3n de puertas de garage e indutrial","breadcrumb":{"@id":"https:\/\/acsasoluciones.com\/tienda\/product\/kit-400-bl-para-2hojas-multifrec\/#breadcrumb"},"inLanguage":"es","potentialAction":[{"@type":"ReadAction","target":["https:\/\/acsasoluciones.com\/tienda\/product\/kit-400-bl-para-2hojas-multifrec\/"]}]},{"@type":"ImageObject","inLanguage":"es","@id":"https:\/\/acsasoluciones.com\/tienda\/product\/kit-400-bl-para-2hojas-multifrec\/#primaryimage","url":"https:\/\/acsasoluciones.com\/tienda\/wp-content\/uploads\/2020\/06\/pro_28.png","contentUrl":"https:\/\/acsasoluciones.com\/tienda\/wp-content\/uploads\/2020\/06\/pro_28.png","width":600,"height":600},{"@type":"BreadcrumbList","@id":"https:\/\/acsasoluciones.com\/tienda\/product\/kit-400-bl-para-2hojas-multifrec\/#breadcrumb","itemListElement":[{"@type":"ListItem","position":1,"name":"Home","item":"https:\/\/acsasoluciones.com\/tienda\/"},{"@type":"ListItem","position":2,"name":"Tienda","item":"https:\/\/acsasoluciones.com\/tienda\/"},{"@type":"ListItem","position":3,"name":"KIT 400 BL PARA 2 HOJAS MULTIFREC."}]},{"@type":"WebSite","@id":"https:\/\/acsasoluciones.com\/tienda\/#website","url":"https:\/\/acsasoluciones.com\/tienda\/","name":"ACSA - Automatizaci\u00f3n, Control y Soluciones en Accesos","description":"Soluciones en Acceso","publisher":{"@id":"https:\/\/acsasoluciones.com\/tienda\/#organization"},"potentialAction":[{"@type":"SearchAction","target":{"@type":"EntryPoint","urlTemplate":"https:\/\/acsasoluciones.com\/tienda\/?s={search_term_string}"},"query-input":{"@type":"PropertyValueSpecification","valueRequired":true,"valueName":"search_term_string"}}],"inLanguage":"es"},{"@type":"Organization","@id":"https:\/\/acsasoluciones.com\/tienda\/#organization","name":"ACSA Integraciones S.A. de C.V.","url":"https:\/\/acsasoluciones.com\/tienda\/","logo":{"@type":"ImageObject","inLanguage":"es","@id":"https:\/\/acsasoluciones.com\/tienda\/#\/schema\/logo\/image\/","url":"https:\/\/acsasoluciones.com\/tienda\/wp-content\/uploads\/2020\/07\/acsa01.png","contentUrl":"https:\/\/acsasoluciones.com\/tienda\/wp-content\/uploads\/2020\/07\/acsa01.png","width":600,"height":600,"caption":"ACSA Integraciones S.A. de C.V."},"image":{"@id":"https:\/\/acsasoluciones.com\/tienda\/#\/schema\/logo\/image\/"},"sameAs":["https:\/\/www.facebook.com\/ACSA-367766733249110","https:\/\/www.instagram.com\/acsa_soluciones\/","https:\/\/www.linkedin.com\/in\/acsa-integraciones-sa-de-cv-8b42621b1\/"]}]}},"_links":{"self":[{"href":"https:\/\/acsasoluciones.com\/tienda\/wp-json\/wp\/v2\/product\/9873","targetHints":{"allow":["GET"]}}],"collection":[{"href":"https:\/\/acsasoluciones.com\/tienda\/wp-json\/wp\/v2\/product"}],"about":[{"href":"https:\/\/acsasoluciones.com\/tienda\/wp-json\/wp\/v2\/types\/product"}],"wp:featuredmedia":[{"embeddable":true,"href":"https:\/\/acsasoluciones.com\/tienda\/wp-json\/wp\/v2\/media\/9872"}],"wp:attachment":[{"href":"https:\/\/acsasoluciones.com\/tienda\/wp-json\/wp\/v2\/media?parent=9873"}],"wp:term":[{"taxonomy":"product_brand","embeddable":true,"href":"https:\/\/acsasoluciones.com\/tienda\/wp-json\/wp\/v2\/product_brand?post=9873"},{"taxonomy":"product_cat","embeddable":true,"href":"https:\/\/acsasoluciones.com\/tienda\/wp-json\/wp\/v2\/product_cat?post=9873"},{"taxonomy":"product_tag","embeddable":true,"href":"https:\/\/acsasoluciones.com\/tienda\/wp-json\/wp\/v2\/product_tag?post=9873"}],"curies":[{"name":"wp","href":"https:\/\/api.w.org\/{rel}","templated":true}]}}