{"id":9910,"date":"2020-06-19T11:32:34","date_gmt":"2020-06-19T16:32:34","guid":{"rendered":"https:\/\/acsasoluciones.com\/tienda\/?post_type=product&#038;p=9910"},"modified":"2024-05-23T10:40:25","modified_gmt":"2024-05-23T15:40:25","slug":"bateria-de-respaldo-para-711","status":"publish","type":"product","link":"https:\/\/acsasoluciones.com\/tienda\/product\/bateria-de-respaldo-para-711\/","title":{"rendered":"BATERIA DE RESPALDO PARA 711"},"content":{"rendered":"<h2 class=\"main-section__title item-description__title\">Descripci\u00f3n<\/h2>\n<div id=\"description-includes\" class=\"item-description__content \">\n<div class=\"item-description__text\">\n<p>Bater\u00eda de respaldo para motor Marca Merik modelo 711 muy \u00fatil en caso de ausencia de energ\u00eda el\u00e9ctrica<\/p>\n<\/div>\n<\/div>\n","protected":false},"excerpt":{"rendered":"<p>1 Pieza<\/p>\n","protected":false},"featured_media":9911,"template":"","meta":{"_bst_post_transparent":"","_bst_post_title":"","_bst_post_layout":"","_bst_post_sidebar_id":"","_bst_post_content_style":"","_bst_post_vertical_padding":"","_bst_post_feature":"","_bst_post_feature_position":"","_bst_post_header":false,"_bst_post_footer":false},"product_brand":[],"product_cat":[91],"product_tag":[92,94,95,93,105],"class_list":{"0":"post-9910","1":"product","2":"type-product","3":"status-publish","4":"has-post-thumbnail","6":"product_cat-merik","7":"product_tag-abrepuertas","8":"product_tag-merik","9":"product_tag-puertas-abatibles","10":"product_tag-puertas-automaticas","11":"product_tag-residencial","13":"first","14":"outofstock","15":"sale","16":"featured","17":"shipping-taxable","18":"purchasable","19":"product-type-simple","20":"entry","21":"content-bg","22":"loop-entry"},"yoast_head":"<!-- This site is optimized with the Yoast SEO plugin v25.7 - https:\/\/yoast.com\/wordpress\/plugins\/seo\/ -->\n<title>BATERIA DE RESPALDO PARA 711 - ACSA - Automatizaci\u00f3n, Control y Soluciones en Accesos<\/title>\n<meta name=\"description\" content=\"Automatizaci\u00f3n de puertas de garage e indutrial\" \/>\n<meta name=\"robots\" content=\"index, follow, max-snippet:-1, max-image-preview:large, max-video-preview:-1\" \/>\n<link rel=\"canonical\" href=\"https:\/\/acsasoluciones.com\/tienda\/product\/bateria-de-respaldo-para-711\/\" \/>\n<meta property=\"og:locale\" content=\"es_ES\" \/>\n<meta property=\"og:type\" content=\"article\" \/>\n<meta property=\"og:title\" content=\"BATERIA DE RESPALDO PARA 711 - ACSA - Automatizaci\u00f3n, Control y Soluciones en Accesos\" \/>\n<meta property=\"og:description\" content=\"Automatizaci\u00f3n de puertas de garage e indutrial\" \/>\n<meta property=\"og:url\" content=\"https:\/\/acsasoluciones.com\/tienda\/product\/bateria-de-respaldo-para-711\/\" \/>\n<meta property=\"og:site_name\" content=\"ACSA - Automatizaci\u00f3n, Control y Soluciones en Accesos\" \/>\n<meta property=\"article:publisher\" content=\"https:\/\/www.facebook.com\/ACSA-367766733249110\" \/>\n<meta property=\"article:modified_time\" content=\"2024-05-23T15:40:25+00:00\" \/>\n<meta property=\"og:image\" content=\"https:\/\/acsasoluciones.com\/tienda\/wp-content\/uploads\/2020\/06\/bareriarespaldo.jpg\" \/>\n\t<meta property=\"og:image:width\" content=\"1200\" \/>\n\t<meta property=\"og:image:height\" content=\"1200\" \/>\n\t<meta property=\"og:image:type\" content=\"image\/jpeg\" \/>\n<meta name=\"twitter:card\" content=\"summary_large_image\" \/>\n<script type=\"application\/ld+json\" class=\"yoast-schema-graph\">{\"@context\":\"https:\/\/schema.org\",\"@graph\":[{\"@type\":\"WebPage\",\"@id\":\"https:\/\/acsasoluciones.com\/tienda\/product\/bateria-de-respaldo-para-711\/\",\"url\":\"https:\/\/acsasoluciones.com\/tienda\/product\/bateria-de-respaldo-para-711\/\",\"name\":\"BATERIA DE RESPALDO PARA 711 - ACSA - Automatizaci\u00f3n, Control y Soluciones en Accesos\",\"isPartOf\":{\"@id\":\"https:\/\/acsasoluciones.com\/tienda\/#website\"},\"primaryImageOfPage\":{\"@id\":\"https:\/\/acsasoluciones.com\/tienda\/product\/bateria-de-respaldo-para-711\/#primaryimage\"},\"image\":{\"@id\":\"https:\/\/acsasoluciones.com\/tienda\/product\/bateria-de-respaldo-para-711\/#primaryimage\"},\"thumbnailUrl\":\"https:\/\/acsasoluciones.com\/tienda\/wp-content\/uploads\/2020\/06\/bareriarespaldo.jpg\",\"datePublished\":\"2020-06-19T16:32:34+00:00\",\"dateModified\":\"2024-05-23T15:40:25+00:00\",\"description\":\"Automatizaci\u00f3n de puertas de garage e indutrial\",\"breadcrumb\":{\"@id\":\"https:\/\/acsasoluciones.com\/tienda\/product\/bateria-de-respaldo-para-711\/#breadcrumb\"},\"inLanguage\":\"es\",\"potentialAction\":[{\"@type\":\"ReadAction\",\"target\":[\"https:\/\/acsasoluciones.com\/tienda\/product\/bateria-de-respaldo-para-711\/\"]}]},{\"@type\":\"ImageObject\",\"inLanguage\":\"es\",\"@id\":\"https:\/\/acsasoluciones.com\/tienda\/product\/bateria-de-respaldo-para-711\/#primaryimage\",\"url\":\"https:\/\/acsasoluciones.com\/tienda\/wp-content\/uploads\/2020\/06\/bareriarespaldo.jpg\",\"contentUrl\":\"https:\/\/acsasoluciones.com\/tienda\/wp-content\/uploads\/2020\/06\/bareriarespaldo.jpg\",\"width\":1200,\"height\":1200},{\"@type\":\"BreadcrumbList\",\"@id\":\"https:\/\/acsasoluciones.com\/tienda\/product\/bateria-de-respaldo-para-711\/#breadcrumb\",\"itemListElement\":[{\"@type\":\"ListItem\",\"position\":1,\"name\":\"Home\",\"item\":\"https:\/\/acsasoluciones.com\/tienda\/\"},{\"@type\":\"ListItem\",\"position\":2,\"name\":\"Tienda\",\"item\":\"https:\/\/acsasoluciones.com\/tienda\/\"},{\"@type\":\"ListItem\",\"position\":3,\"name\":\"BATERIA DE RESPALDO PARA 711\"}]},{\"@type\":\"WebSite\",\"@id\":\"https:\/\/acsasoluciones.com\/tienda\/#website\",\"url\":\"https:\/\/acsasoluciones.com\/tienda\/\",\"name\":\"ACSA - Automatizaci\u00f3n, Control y Soluciones en Accesos\",\"description\":\"Soluciones en Acceso\",\"publisher\":{\"@id\":\"https:\/\/acsasoluciones.com\/tienda\/#organization\"},\"potentialAction\":[{\"@type\":\"SearchAction\",\"target\":{\"@type\":\"EntryPoint\",\"urlTemplate\":\"https:\/\/acsasoluciones.com\/tienda\/?s={search_term_string}\"},\"query-input\":{\"@type\":\"PropertyValueSpecification\",\"valueRequired\":true,\"valueName\":\"search_term_string\"}}],\"inLanguage\":\"es\"},{\"@type\":\"Organization\",\"@id\":\"https:\/\/acsasoluciones.com\/tienda\/#organization\",\"name\":\"ACSA Integraciones S.A. de C.V.\",\"url\":\"https:\/\/acsasoluciones.com\/tienda\/\",\"logo\":{\"@type\":\"ImageObject\",\"inLanguage\":\"es\",\"@id\":\"https:\/\/acsasoluciones.com\/tienda\/#\/schema\/logo\/image\/\",\"url\":\"https:\/\/acsasoluciones.com\/tienda\/wp-content\/uploads\/2020\/07\/acsa01.png\",\"contentUrl\":\"https:\/\/acsasoluciones.com\/tienda\/wp-content\/uploads\/2020\/07\/acsa01.png\",\"width\":600,\"height\":600,\"caption\":\"ACSA Integraciones S.A. de C.V.\"},\"image\":{\"@id\":\"https:\/\/acsasoluciones.com\/tienda\/#\/schema\/logo\/image\/\"},\"sameAs\":[\"https:\/\/www.facebook.com\/ACSA-367766733249110\",\"https:\/\/www.instagram.com\/acsa_soluciones\/\",\"https:\/\/www.linkedin.com\/in\/acsa-integraciones-sa-de-cv-8b42621b1\/\"]}]}<\/script>\n<!-- \/ Yoast SEO plugin. -->","yoast_head_json":{"title":"BATERIA DE RESPALDO PARA 711 - ACSA - Automatizaci\u00f3n, Control y Soluciones en Accesos","description":"Automatizaci\u00f3n de puertas de garage e indutrial","robots":{"index":"index","follow":"follow","max-snippet":"max-snippet:-1","max-image-preview":"max-image-preview:large","max-video-preview":"max-video-preview:-1"},"canonical":"https:\/\/acsasoluciones.com\/tienda\/product\/bateria-de-respaldo-para-711\/","og_locale":"es_ES","og_type":"article","og_title":"BATERIA DE RESPALDO PARA 711 - ACSA - Automatizaci\u00f3n, Control y Soluciones en Accesos","og_description":"Automatizaci\u00f3n de puertas de garage e indutrial","og_url":"https:\/\/acsasoluciones.com\/tienda\/product\/bateria-de-respaldo-para-711\/","og_site_name":"ACSA - Automatizaci\u00f3n, Control y Soluciones en Accesos","article_publisher":"https:\/\/www.facebook.com\/ACSA-367766733249110","article_modified_time":"2024-05-23T15:40:25+00:00","og_image":[{"width":1200,"height":1200,"url":"https:\/\/acsasoluciones.com\/tienda\/wp-content\/uploads\/2020\/06\/bareriarespaldo.jpg","type":"image\/jpeg"}],"twitter_card":"summary_large_image","schema":{"@context":"https:\/\/schema.org","@graph":[{"@type":"WebPage","@id":"https:\/\/acsasoluciones.com\/tienda\/product\/bateria-de-respaldo-para-711\/","url":"https:\/\/acsasoluciones.com\/tienda\/product\/bateria-de-respaldo-para-711\/","name":"BATERIA DE RESPALDO PARA 711 - ACSA - Automatizaci\u00f3n, Control y Soluciones en Accesos","isPartOf":{"@id":"https:\/\/acsasoluciones.com\/tienda\/#website"},"primaryImageOfPage":{"@id":"https:\/\/acsasoluciones.com\/tienda\/product\/bateria-de-respaldo-para-711\/#primaryimage"},"image":{"@id":"https:\/\/acsasoluciones.com\/tienda\/product\/bateria-de-respaldo-para-711\/#primaryimage"},"thumbnailUrl":"https:\/\/acsasoluciones.com\/tienda\/wp-content\/uploads\/2020\/06\/bareriarespaldo.jpg","datePublished":"2020-06-19T16:32:34+00:00","dateModified":"2024-05-23T15:40:25+00:00","description":"Automatizaci\u00f3n de puertas de garage e indutrial","breadcrumb":{"@id":"https:\/\/acsasoluciones.com\/tienda\/product\/bateria-de-respaldo-para-711\/#breadcrumb"},"inLanguage":"es","potentialAction":[{"@type":"ReadAction","target":["https:\/\/acsasoluciones.com\/tienda\/product\/bateria-de-respaldo-para-711\/"]}]},{"@type":"ImageObject","inLanguage":"es","@id":"https:\/\/acsasoluciones.com\/tienda\/product\/bateria-de-respaldo-para-711\/#primaryimage","url":"https:\/\/acsasoluciones.com\/tienda\/wp-content\/uploads\/2020\/06\/bareriarespaldo.jpg","contentUrl":"https:\/\/acsasoluciones.com\/tienda\/wp-content\/uploads\/2020\/06\/bareriarespaldo.jpg","width":1200,"height":1200},{"@type":"BreadcrumbList","@id":"https:\/\/acsasoluciones.com\/tienda\/product\/bateria-de-respaldo-para-711\/#breadcrumb","itemListElement":[{"@type":"ListItem","position":1,"name":"Home","item":"https:\/\/acsasoluciones.com\/tienda\/"},{"@type":"ListItem","position":2,"name":"Tienda","item":"https:\/\/acsasoluciones.com\/tienda\/"},{"@type":"ListItem","position":3,"name":"BATERIA DE RESPALDO PARA 711"}]},{"@type":"WebSite","@id":"https:\/\/acsasoluciones.com\/tienda\/#website","url":"https:\/\/acsasoluciones.com\/tienda\/","name":"ACSA - Automatizaci\u00f3n, Control y Soluciones en Accesos","description":"Soluciones en Acceso","publisher":{"@id":"https:\/\/acsasoluciones.com\/tienda\/#organization"},"potentialAction":[{"@type":"SearchAction","target":{"@type":"EntryPoint","urlTemplate":"https:\/\/acsasoluciones.com\/tienda\/?s={search_term_string}"},"query-input":{"@type":"PropertyValueSpecification","valueRequired":true,"valueName":"search_term_string"}}],"inLanguage":"es"},{"@type":"Organization","@id":"https:\/\/acsasoluciones.com\/tienda\/#organization","name":"ACSA Integraciones S.A. de C.V.","url":"https:\/\/acsasoluciones.com\/tienda\/","logo":{"@type":"ImageObject","inLanguage":"es","@id":"https:\/\/acsasoluciones.com\/tienda\/#\/schema\/logo\/image\/","url":"https:\/\/acsasoluciones.com\/tienda\/wp-content\/uploads\/2020\/07\/acsa01.png","contentUrl":"https:\/\/acsasoluciones.com\/tienda\/wp-content\/uploads\/2020\/07\/acsa01.png","width":600,"height":600,"caption":"ACSA Integraciones S.A. de C.V."},"image":{"@id":"https:\/\/acsasoluciones.com\/tienda\/#\/schema\/logo\/image\/"},"sameAs":["https:\/\/www.facebook.com\/ACSA-367766733249110","https:\/\/www.instagram.com\/acsa_soluciones\/","https:\/\/www.linkedin.com\/in\/acsa-integraciones-sa-de-cv-8b42621b1\/"]}]}},"_links":{"self":[{"href":"https:\/\/acsasoluciones.com\/tienda\/wp-json\/wp\/v2\/product\/9910","targetHints":{"allow":["GET"]}}],"collection":[{"href":"https:\/\/acsasoluciones.com\/tienda\/wp-json\/wp\/v2\/product"}],"about":[{"href":"https:\/\/acsasoluciones.com\/tienda\/wp-json\/wp\/v2\/types\/product"}],"wp:featuredmedia":[{"embeddable":true,"href":"https:\/\/acsasoluciones.com\/tienda\/wp-json\/wp\/v2\/media\/9911"}],"wp:attachment":[{"href":"https:\/\/acsasoluciones.com\/tienda\/wp-json\/wp\/v2\/media?parent=9910"}],"wp:term":[{"taxonomy":"product_brand","embeddable":true,"href":"https:\/\/acsasoluciones.com\/tienda\/wp-json\/wp\/v2\/product_brand?post=9910"},{"taxonomy":"product_cat","embeddable":true,"href":"https:\/\/acsasoluciones.com\/tienda\/wp-json\/wp\/v2\/product_cat?post=9910"},{"taxonomy":"product_tag","embeddable":true,"href":"https:\/\/acsasoluciones.com\/tienda\/wp-json\/wp\/v2\/product_tag?post=9910"}],"curies":[{"name":"wp","href":"https:\/\/api.w.org\/{rel}","templated":true}]}}